{"id":1350,"date":"2021-07-30T13:56:42","date_gmt":"2021-07-30T11:56:42","guid":{"rendered":"https:\/\/milona.fr\/?page_id=1350"},"modified":"2021-10-29T13:55:26","modified_gmt":"2021-10-29T11:55:26","slug":"privacy-policy","status":"publish","type":"page","link":"https:\/\/milona.fr\/en\/privacy-policy","title":{"rendered":"Privacy policy"},"content":{"rendered":"<div class=\"style-447 style-local-1350-c1 position-relative\" data-colibri-id=\"1350-c1\">\r\n<div id=\"privacy-policy-2\" class=\"h-section h-section-global-spacing d-flex align-items-lg-center align-items-md-center align-items-center style-448 style-local-1350-c2 position-relative\" data-colibri-component=\"section\" data-colibri-id=\"1350-c2\">\r\n<div class=\"h-section-grid-container h-section-boxed-container\">\r\n<div class=\"h-row-container gutters-row-lg-2 gutters-row-md-2 gutters-row-0 gutters-row-v-lg-2 gutters-row-v-md-2 gutters-row-v-2 style-449 style-local-1350-c3 position-relative\" data-colibri-id=\"1350-c3\">\r\n<div class=\"h-row justify-content-lg-center justify-content-md-center justify-content-center align-items-lg-stretch align-items-md-stretch align-items-stretch gutters-col-lg-2 gutters-col-md-2 gutters-col-0 gutters-col-v-lg-2 gutters-col-v-md-2 gutters-col-v-2\">\r\n<div class=\"h-column h-column-container d-flex h-col-lg-auto h-col-md-auto h-col-auto style-450-outer style-local-1350-c4-outer\">\r\n<div class=\"d-flex h-flex-basis h-column__inner h-px-lg-2 h-px-md-2 h-px-2 v-inner-lg-2 v-inner-md-2 v-inner-2 style-450 style-local-1350-c4 position-relative\" data-colibri-id=\"1350-c4\">\r\n<div class=\"w-100 h-y-container h-column__content h-column__v-align flex-basis-100 align-self-lg-start align-self-md-start align-self-start\">\r\n<div class=\"h-global-transition-all h-heading style-451 style-local-1350-c5 position-relative h-element\" data-colibri-id=\"1350-c5\">\r\n<div class=\"h-heading__outer style-451 style-local-1350-c5\">\r\n<h2 class=\"\">Privacy Policy<\/h2>\r\n<\/div>\r\n<\/div>\r\n<\/div>\r\n<\/div>\r\n<\/div>\r\n<\/div>\r\n<\/div>\r\n<div class=\"h-row-container gutters-row-lg-2 gutters-row-md-2 gutters-row-0 gutters-row-v-lg-2 gutters-row-v-md-2 gutters-row-v-2 style-452 style-local-1350-c6 position-relative\" data-colibri-id=\"1350-c6\">\r\n<div class=\"h-row justify-content-lg-center justify-content-md-center justify-content-center align-items-lg-stretch align-items-md-stretch align-items-stretch gutters-col-lg-2 gutters-col-md-2 gutters-col-0 gutters-col-v-lg-2 gutters-col-v-md-2 gutters-col-v-2\">\r\n<div class=\"h-column h-column-container d-flex h-col-lg-auto h-col-md-auto h-col-auto style-445-outer style-local-1350-c7-outer\">\r\n<div class=\"d-flex h-flex-basis h-column__inner h-px-lg-2 h-px-md-2 h-px-3 v-inner-lg-2 v-inner-md-2 v-inner-3 style-445 style-local-1350-c7 position-relative\" data-colibri-id=\"1350-c7\">\r\n<div class=\"w-100 h-y-container h-column__content h-column__v-align flex-basis-100 align-self-lg-start align-self-md-start align-self-start\">\r\n<div class=\"h-text h-text-component style-455 style-local-1350-c8 position-relative h-element\" data-colibri-id=\"1350-c8\">\r\n<div class=\"\">\r\n\r\n<p>The information you provide in the contact form will be used and recorded by MILONA SA par action simplifi\u00e9e \u00e0 associ\u00e9 unique, registered with the Tribunal de Commerce de NANTERRE, having its registered office at 39 rue d Alsace Lorraine &#8211; 92160 Antony, in order to carry out the service requested in your contact request.<\/p>\r\n\r\n<p>This information is requested in order to provide the requested service. Some fields in this form are required and if they are not filled in, MILONA SA will not be able to carry out or answer your request. The data collected via this form will be kept for 3 (three) years.<\/p>\r\n\r\n<p>Your data will be accessible to MILONA&#8217;s sales department and may be transmitted by MILONA to third parties to comply with its legal obligations.<\/p>\r\n\r\n<p>You have the right to request access, rectification or deletion of your data, to limit the processing, to object to the processing or to request data portability.<\/p>\r\n\r\n<p>These rights can be exercised with MILONA by e-mail :<br>\r\n<a style=\"font-weight: 500; color: #cf6177;\" draggable=\"false\" href=\"mailto:corinne.gotainer@milona.fr\">corinne.gotainer@milona.fr<\/a><\/p>\r\n\r\n<p>If you have a question about the collection and processing of your personal data, you can send it to the following address :<br>\r\n<a style=\"color: #cf6177; font-weight: 500;\" draggable=\"false\" href=\"mailto:corinne.gotainer@milona.fr\">corinne.gotainer@milona.fr<\/a><\/p>\r\n\r\n<p>You have the right to file a complaint with the Commission Nationale Informatique et Libert\u00e9s (CNIL) by mail at :<br>\r\n\r\nCNIL<br>\r\n\r\n3 Place de Fontenoy<br>\r\n\r\nTSA 80715<br>\r\n\r\n75334 PARIS CEDEX 07<br>\r\n\r\nor on their <a class=\"customize-unpreviewable\" style=\"color: #cf6177;\" draggable=\"false\" href=\"https:\/\/cnil.fr\">website<\/a><\/p>\r\n\r\n<\/div>\r\n<\/div>\r\n<\/div>\r\n<\/div>\r\n<\/div>\r\n<\/div>\r\n<\/div>\r\n<\/div>\r\n<\/div>\r\n<div id=\"milona-footer\" class=\"h-section h-section-global-spacing d-flex align-items-lg-center align-items-md-center align-items-center style-758 style-local-1350-c9 position-relative\" data-colibri-component=\"section\" data-colibri-id=\"1350-c9\">\r\n<div class=\"h-section-grid-container h-section-boxed-container\">\r\n<div class=\"h-row-container gutters-row-lg-1 gutters-row-md-1 gutters-row-0 gutters-row-v-lg-1 gutters-row-v-md-1 gutters-row-v-1 style-759 style-local-1350-c10 position-relative\" data-colibri-id=\"1350-c10\">\r\n<div class=\"h-row justify-content-lg-center justify-content-md-center justify-content-center align-items-lg-stretch align-items-md-stretch align-items-stretch gutters-col-lg-1 gutters-col-md-1 gutters-col-0 gutters-col-v-lg-1 gutters-col-v-md-1 gutters-col-v-1\">\r\n<div class=\"h-column h-column-container d-flex h-col-lg-auto h-col-md-auto h-col-auto style-760-outer style-local-1350-c11-outer\">\r\n<div class=\"d-flex h-flex-basis h-column__inner h-px-lg-0 h-px-md-0 h-px-0 v-inner-lg-0 v-inner-md-0 v-inner-0 style-760 style-local-1350-c11 position-relative\" data-colibri-id=\"1350-c11\">\r\n<div class=\"w-100 h-y-container h-column__content h-column__v-align flex-basis-100 align-self-lg-center align-self-md-center align-self-center\">\r\n<div class=\"h-x-container style-761 style-local-1350-c12 position-relative h-element\" data-colibri-id=\"1350-c12\">\r\n<div class=\"h-x-container-inner style-dynamic-1350-c12-group style-761-spacing style-local-1350-c12-spacing\"><span class=\"h-link__outer style-762-outer style-local-1350-c13-outer d-inline-flex h-element\"><a class=\"d-flex w-100 align-items-center h-link style-762 style-local-1350-c13 position-relative\" href=\"https:\/\/milona.fr\/en\/\" data-colibri-id=\"1350-c13\">Home<\/a>\r\n<\/span><\/div>\r\n<\/div>\r\n<div class=\"h-x-container style-763 style-local-1350-c14 position-relative h-element\" data-colibri-id=\"1350-c14\">\r\n<div class=\"h-x-container-inner style-dynamic-1350-c14-group style-763-spacing style-local-1350-c14-spacing\"><span class=\"h-link__outer style-762-outer style-local-1350-c15-outer d-inline-flex h-element\"><a class=\"d-flex w-100 align-items-center h-link style-762 style-local-1350-c15 position-relative\" href=\"https:\/\/milona.fr\/en\/aboutus\" data-colibri-id=\"1350-c15\">About us<\/a>\r\n<\/span><\/div>\r\n<\/div>\r\n<div class=\"h-x-container style-764 style-local-1350-c16 position-relative h-element\" data-colibri-id=\"1350-c16\">\r\n<div class=\"h-x-container-inner style-dynamic-1350-c16-group style-764-spacing style-local-1350-c16-spacing\"><span class=\"h-link__outer style-762-outer style-local-1350-c17-outer d-inline-flex h-element\"><a class=\"d-flex w-100 align-items-center h-link style-762 style-local-1350-c17 position-relative\" href=\"https:\/\/milona.fr\/en\/contact\" data-colibri-id=\"1350-c17\">Contact<\/a>\r\n<\/span><\/div>\r\n<\/div>\r\n<\/div>\r\n<\/div>\r\n<\/div>\r\n<div class=\"h-column h-column-container d-flex h-col-lg-auto h-col-md-auto h-col-auto style-765-outer style-local-1350-c18-outer\">\r\n<div class=\"d-flex h-flex-basis h-column__inner h-px-lg-1 h-px-md-1 h-px-1 v-inner-lg-1 v-inner-md-1 v-inner-1 style-765 style-local-1350-c18 position-relative\" data-colibri-id=\"1350-c18\">\r\n<div class=\"w-100 h-y-container h-column__content h-column__v-align flex-basis-100 align-self-lg-start align-self-md-start align-self-start\">\r\n<div class=\"d-flex align-items-center text-lg-center text-md-center text-center justify-content-lg-center justify-content-md-center justify-content-center style-766 style-local-1350-c19 position-relative h-element\" data-colibri-id=\"1350-c19\"><a class=\"d-flex align-items-center\" href=\"https:\/\/milona.fr\/en\/\" rel=\"home\">\r\n<img class=\"h-logo__image h-logo__image_h logo-image style-766-image style-local-1350-c19-image\" src=\"https:\/\/milona.fr\/wp-content\/uploads\/2021\/07\/Logo-Milona.png\" alt=\"Fabricant Gants et Chaussons Milona Paris\" \/>\r\n<img class=\"h-logo__alt-image h-logo__alt-image_h logo-alt-image style-766-image style-local-1350-c19-image\" src=\"http:\/\/milona.fr\/wp-content\/uploads\/2021\/07\/Logo-Milona.png\" \/>\r\n<\/a><\/div>\r\n<\/div>\r\n<\/div>\r\n<\/div>\r\n<div class=\"h-column h-column-container d-flex h-col-lg-auto h-col-md-auto h-col-auto style-760-outer style-local-1350-c20-outer\">\r\n<div class=\"d-flex h-flex-basis h-column__inner h-px-lg-0 h-px-md-0 h-px-0 v-inner-lg-0 v-inner-md-0 v-inner-0 style-760 style-local-1350-c20 position-relative\" data-colibri-id=\"1350-c20\">\r\n<div class=\"w-100 h-y-container h-column__content h-column__v-align flex-basis-100 align-self-lg-center align-self-md-center align-self-center\">\r\n<div class=\"h-x-container style-767 style-local-1350-c21 position-relative h-element\" data-colibri-id=\"1350-c21\">\r\n<div class=\"h-x-container-inner style-dynamic-1350-c21-group style-767-spacing style-local-1350-c21-spacing\"><span class=\"h-link__outer style-762-outer style-local-1350-c22-outer d-inline-flex h-element\"><a class=\"d-flex w-100 align-items-center h-link style-762 style-local-1350-c22 position-relative\" href=\"https:\/\/milona.fr\/en\/privacy-policy\" data-colibri-id=\"1350-c22\">Privacy Policy<\/a>\r\n<\/span><\/div>\r\n<\/div>\r\n<div class=\"h-x-container style-768 style-local-1350-c23 position-relative h-element\" data-colibri-id=\"1350-c23\">\r\n<div class=\"h-x-container-inner style-dynamic-1350-c23-group style-768-spacing style-local-1350-c23-spacing\"><span class=\"h-link__outer style-762-outer style-local-1350-c24-outer d-inline-flex h-element\"><a class=\"d-flex w-100 align-items-center h-link style-762 style-local-1350-c24 position-relative\" href=\"https:\/\/milona.fr\/en\/legal-notice\" data-colibri-id=\"1350-c24\">Legal notice<\/a>\r\n<\/span><\/div>\r\n<\/div>\r\n<\/div>\r\n<\/div>\r\n<\/div>\r\n<\/div>\r\n<\/div>\r\n<div class=\"h-row-container gutters-row-lg-1 gutters-row-md-1 gutters-row-0 gutters-row-v-lg-1 gutters-row-v-md-1 gutters-row-v-1 style-769 style-local-1350-c25 position-relative\" data-colibri-id=\"1350-c25\">\r\n<div class=\"h-row justify-content-lg-center justify-content-md-center justify-content-center align-items-lg-stretch align-items-md-stretch align-items-stretch gutters-col-lg-1 gutters-col-md-1 gutters-col-0 gutters-col-v-lg-1 gutters-col-v-md-1 gutters-col-v-1\">\r\n<div class=\"h-column h-column-container d-flex h-col-lg-auto h-col-md-auto h-col-auto style-770-outer style-local-1350-c26-outer\">\r\n<div class=\"d-flex h-flex-basis h-column__inner h-px-lg-1 h-px-md-1 h-px-1 v-inner-lg-1 v-inner-md-1 v-inner-1 style-770 style-local-1350-c26 position-relative\" data-colibri-id=\"1350-c26\">\r\n<div class=\"w-100 h-y-container h-column__content h-column__v-align flex-basis-100 align-self-lg-center align-self-md-center align-self-center\">\r\n<div class=\"h-text h-text-component style-771 style-local-1350-c27 position-relative h-element\" data-colibri-id=\"1350-c27\">\r\n<div class=\"\">\r\n\r\n<span style=\"font-weight: 400; font-size: 12px; font-family: Montserrat; color: #232937;\">\u00a9 2021 Milona\r\nAll rights reserved<\/span>\r\n\r\n<\/div>\r\n<\/div>\r\n<\/div>\r\n<\/div>\r\n<\/div>\r\n<\/div>\r\n<\/div>\r\n<\/div>\r\n<\/div>\r\n<\/div>","protected":false},"excerpt":{"rendered":"<p>Privacy Policy The information you provide in the contact form will be used and recorded by MILONA SA par action simplifi\u00e9e \u00e0 associ\u00e9 unique, registered with the Tribunal de Commerce de NANTERRE, having its registered office at 39 rue d Alsace Lorraine &#8211; 92160 Antony, in order to carry out the service requested in your [&hellip;]<\/p>\n","protected":false},"author":1,"featured_media":0,"parent":0,"menu_order":0,"comment_status":"closed","ping_status":"closed","template":"page-templates\/full-width-page.php","meta":[],"_links":{"self":[{"href":"https:\/\/milona.fr\/en\/wp-json\/wp\/v2\/pages\/1350"}],"collection":[{"href":"https:\/\/milona.fr\/en\/wp-json\/wp\/v2\/pages"}],"about":[{"href":"https:\/\/milona.fr\/en\/wp-json\/wp\/v2\/types\/page"}],"author":[{"embeddable":true,"href":"https:\/\/milona.fr\/en\/wp-json\/wp\/v2\/users\/1"}],"replies":[{"embeddable":true,"href":"https:\/\/milona.fr\/en\/wp-json\/wp\/v2\/comments?post=1350"}],"version-history":[{"count":20,"href":"https:\/\/milona.fr\/en\/wp-json\/wp\/v2\/pages\/1350\/revisions"}],"predecessor-version":[{"id":2388,"href":"https:\/\/milona.fr\/en\/wp-json\/wp\/v2\/pages\/1350\/revisions\/2388"}],"wp:attachment":[{"href":"https:\/\/milona.fr\/en\/wp-json\/wp\/v2\/media?parent=1350"}],"curies":[{"name":"wp","href":"https:\/\/api.w.org\/{rel}","templated":true}]}}